{"id":7,"date":"2018-02-20T17:40:55","date_gmt":"2018-02-20T17:40:55","guid":{"rendered":"http:\/\/revolution.fuelthemes.net\/revolution-consulting\/?page_id=7"},"modified":"2025-08-18T10:07:26","modified_gmt":"2025-08-18T10:07:26","slug":"https-kbtt-se-about","status":"publish","type":"page","link":"https:\/\/kbtt.se\/?page_id=7","title":{"rendered":"Individual Online Psychotherapy &#8211; Dr Ekman &#8211; KBT Teamet"},"content":{"rendered":"<div data-colibri-id=\"7-c1\" class=\"style-392 style-local-7-c1 position-relative\">\r\n  <!---->\r\n  <div data-colibri-component=\"section\" data-colibri-id=\"7-c2\" id=\"team\" class=\"h-section h-section-global-spacing d-flex align-items-lg-center align-items-md-center align-items-center style-393 style-local-7-c2 position-relative\">\r\n    <!---->\r\n    <!---->\r\n    <div class=\"h-section-grid-container h-section-boxed-container\">\r\n      <div data-colibri-id=\"7-c11\" class=\"h-row-container gutters-row-lg-2 gutters-row-md-2 gutters-row-2 gutters-row-v-lg-2 gutters-row-v-md-2 gutters-row-v-2 style-405 style-local-7-c11 position-relative\">\r\n        <!---->\r\n        <div class=\"h-row justify-content-lg-center justify-content-md-center justify-content-center align-items-lg-stretch align-items-md-stretch align-items-stretch gutters-col-lg-2 gutters-col-md-2 gutters-col-2 gutters-col-v-lg-2 gutters-col-v-md-2 gutters-col-v-2\">\r\n          <!---->\r\n          <div class=\"h-column h-column-container d-flex h-col-lg-auto h-col-md-auto h-col-auto style-406-outer style-local-7-c12-outer\">\r\n            <div data-colibri-id=\"7-c12\" class=\"d-flex h-flex-basis h-column__inner h-px-lg-2 h-px-md-2 h-px-2 v-inner-lg-2 v-inner-md-2 v-inner-2 style-406 style-local-7-c12 position-relative\">\r\n              <!---->\r\n              <!---->\r\n              <div class=\"w-100 h-y-container h-column__content h-column__v-align flex-basis-100 align-self-lg-start align-self-md-start align-self-start\">\r\n                <!---->\r\n                <div data-colibri-id=\"7-c13\" class=\"h-global-transition-all h-heading style-407 style-local-7-c13 position-relative h-element\">\r\n                  <!---->\r\n                  <div class=\"h-heading__outer style-407 style-local-7-c13\">\r\n                    <!---->\r\n                    <!---->\r\n                    <h2 class=\"\">Elizabeth Ekman<\/h2>\r\n                  <\/div>\r\n                <\/div>\r\n                <div data-colibri-id=\"7-c14\" class=\"h-lead h-text h-text-component style-408 style-local-7-c14 position-relative h-element\">\r\n                  <!---->\r\n                  <!---->\r\n                  <div class=\"\">\r\n                    <p><span style=\"color: rgb(83, 83, 83); font-family: Symbol; font-size: 10pt;\">&nbsp;&nbsp;&nbsp;\u00b7&nbsp;&nbsp;<\/span>Behandlat barn och vuxna inom psykiatrin och socialtj\u00e4nst och somatiska v\u00e5rden ch egen verksamhet&nbsp;<span style=\"font-weight: 300; font-size: 20px; font-family: &quot;Open Sans&quot;; color: rgb(83, 80, 80);\">sedan 1979&nbsp;<\/span><\/p>\r\n                    <p><span style=\"font-size: 10pt; font-family: Symbol; color: rgb(83, 83, 83);\">&nbsp;&nbsp;&nbsp;\u00b7&nbsp;&nbsp;<\/span>Utbildare och handledare med KBT-inriktning sedan 1992<\/p>\r\n                    <p><span style=\"font-size: 10pt; font-family: Symbol; color: rgb(83, 83, 83);\">&nbsp;&nbsp;&nbsp;\u00b7&nbsp;&nbsp;<\/span>Handleder idrottsspykologiska r\u00e5dgivare inom idrotten och elitidrotten sedan 2009<span style=\"color: rgb(83, 83, 83); font-family: Symbol; font-size: 10pt;\">&nbsp;&nbsp;<\/span><\/p>\r\n                    <p><span style=\"color: rgb(83, 83, 83); font-family: Symbol; font-size: 10pt;\">&nbsp;&nbsp;&nbsp;\u00b7&nbsp;<\/span>Varit f\u00f6rel\u00e4sare och handledare p\u00e5 SISUs KBT utbildning f\u00f6r KBT Elitidrotten<\/p>\r\n                    <p>Elizabeth \u00e4r legitimerad psykoterapeut och handledare med \u00f6ver 35 \u00e5rs erfarenhet av kliniskt arbete inom KBT.\r\n                      <br>\r\n                      <br> Elizabeth har utbildat l\u00e4kare, psykologer, sjuksk\u00f6terskor, kuratorer, socialsekreterare och personal inom psykiatriska \u00f6ppenv\u00e5rden, kriminalv\u00e5rden, neuropsykiatriska team samt SISU\/elitidrotten och dess idrottspsykologiska r\u00e5dgivare.\r\n                      Hon har \u00e4ven haft ett flertal internationella uppdrag inom KBT f\u00f6r ASD och ADHD och publicerat flera artiklar i omr\u00e5det.\r\n                      <br>\r\n                    <\/p>\r\n                    <p>Bakgrund:\r\n                      <br>Bachelor of Sience in Clinical Psychology,\r\n                      <br>Socionom,\r\n                      <br>Leg. Psykoterapeut, Handledare\r\n                      <br>Disputerad inom psykologi &#8211; KBT och ASD\/ADHD\r\n                      <br>\r\n                      <br>\r\n                      <br>\r\n                    <\/p>\r\n                  <\/div>\r\n                <\/div>\r\n                <div data-colibri-id=\"7-c15\" class=\"h-x-container style-868 style-local-7-c15 position-relative h-element\">\r\n                  <!---->\r\n                  <div class=\"h-x-container-inner style-dynamic-7-c15-group style-868-spacing style-local-7-c15-spacing\"><span class=\"h-button__outer style-869-outer style-local-7-c16-outer d-inline-flex h-element\"><a h-use-smooth-scroll=\"true\" href=\"http:\/\/kau.diva-portal.org\/smash\/resultList.jsf?query=&amp;language=sv&amp;searchType=RESEARCH&amp;noOfRows=50&amp;sortOrder=author_sort_asc&amp;sortOrder2=title_sort_asc&amp;onlyFullText=false&amp;sf=all&amp;aq=%5B%5B%7B%22personId%22%3A%22authority-person%3A4198%22%7D%5D%5D&amp;aqe=%5B%5D&amp;aq2=%5B%5B%5D%5D&amp;af=%5B%5D    \" target=\"_blank\"  data-colibri-id=\"7-c16\" class=\"d-flex w-100 align-items-center h-button justify-content-lg-center justify-content-md-center justify-content-center style-869 style-local-7-c16 position-relative\"><!----><!----> <span>Avhandling och publikationer \/ Elizabeth ekman<\/span><\/a>\r\n                    <\/span>\r\n                  <\/div>\r\n                <\/div>\r\n              <\/div>\r\n            <\/div>\r\n          <\/div>\r\n        <\/div>\r\n      <\/div>\r\n      <div data-colibri-id=\"7-c3\" class=\"h-row-container gutters-row-lg-2 gutters-row-md-2 gutters-row-2 gutters-row-v-lg-2 gutters-row-v-md-2 gutters-row-v-2 style-394 style-local-7-c3 position-relative\">\r\n        <!---->\r\n        <div class=\"h-row justify-content-lg-center justify-content-md-center justify-content-center align-items-lg-stretch align-items-md-stretch align-items-stretch gutters-col-lg-2 gutters-col-md-2 gutters-col-2 gutters-col-v-lg-2 gutters-col-v-md-2 gutters-col-v-2\">\r\n          <!---->\r\n          <div class=\"h-column h-column-container d-flex h-col-lg-3 h-col-md-6 h-col-12 style-395-outer style-local-7-c4-outer\">\r\n            <div data-colibri-id=\"7-c4\" class=\"d-flex h-flex-basis h-column__inner h-px-lg-0 h-px-md-0 h-px-0 v-inner-lg-0 v-inner-md-0 v-inner-0 style-395 style-local-7-c4 position-relative\">\r\n              <!---->\r\n              <!---->\r\n              <div class=\"w-100 h-y-container h-column__content h-column__v-align flex-basis-100 align-self-lg-start align-self-md-start align-self-start\">\r\n                <!---->\r\n                <div data-colibri-id=\"7-c5\" class=\"d-block style-396 style-local-7-c5 position-relative h-element\">\r\n                  <!---->\r\n                  <div class=\"h-image__frame-container-outer\">\r\n                    <div class=\"h-image__frame-container\">\r\n                      <!---->\r\n                      <!---->\r\n                      <img loading=\"lazy\" decoding=\"async\" width=\"1080\" height=\"1082\" src=\"https:\/\/kbtt.se\/wp-content\/uploads\/2020\/04\/cropped-Elizabeth_ny.jpg\" class=\"wp-image-806 style-396-image style-local-7-c5-image\" alt=\"Dr Ekman Psychotherapist\" srcset=\"https:\/\/kbtt.se\/wp-content\/uploads\/2020\/04\/cropped-Elizabeth_ny.jpg 1080w, https:\/\/kbtt.se\/wp-content\/uploads\/2020\/04\/cropped-Elizabeth_ny-300x300.jpg 300w, https:\/\/kbtt.se\/wp-content\/uploads\/2020\/04\/cropped-Elizabeth_ny-1022x1024.jpg 1022w, https:\/\/kbtt.se\/wp-content\/uploads\/2020\/04\/cropped-Elizabeth_ny-150x150.jpg 150w, https:\/\/kbtt.se\/wp-content\/uploads\/2020\/04\/cropped-Elizabeth_ny-768x769.jpg 768w\" sizes=\"auto, (max-width: 1080px) 100vw, 1080px\" \/>\r\n                      <div class=\"h-image__frame h-hide-lg h-hide-md h-hide-sm style-396-frameImage style-local-7-c5-frameImage\"><\/div>\r\n                    <\/div>\r\n                  <\/div>\r\n                <\/div>\r\n                <div data-colibri-id=\"7-c6\" class=\"h-row-container gutters-row-lg-0 gutters-row-md-0 gutters-row-0 gutters-row-v-lg-0 gutters-row-v-md-0 gutters-row-v-0 style-397 style-local-7-c6 position-relative\">\r\n                  <!---->\r\n                  <div class=\"h-row justify-content-lg-center justify-content-md-center justify-content-center align-items-lg-stretch align-items-md-stretch align-items-stretch gutters-col-lg-0 gutters-col-md-0 gutters-col-0 gutters-col-v-lg-0 gutters-col-v-md-0 gutters-col-v-0\">\r\n                    <!---->\r\n                    <div class=\"h-column h-column-container d-flex h-col-lg-auto h-col-md-auto h-col-auto style-398-outer style-local-7-c7-outer\">\r\n                      <div data-colibri-id=\"7-c7\" class=\"d-flex h-flex-basis h-column__inner h-px-lg-2 h-px-md-2 h-px-2 v-inner-lg-2 v-inner-md-2 v-inner-2 style-398 style-local-7-c7 position-relative\">\r\n                        <!---->\r\n                        <!---->\r\n                        <div class=\"w-100 h-y-container h-column__content h-column__v-align flex-basis-100 align-self-lg-start align-self-md-start align-self-start\">\r\n                          <!---->\r\n                          <div data-colibri-id=\"7-c8\" class=\"h-global-transition-all h-heading style-399 style-local-7-c8 position-relative h-element\">\r\n                            <!---->\r\n                            <div class=\"h-heading__outer style-399 style-local-7-c8\">\r\n                              <!---->\r\n                              <!---->\r\n                              <h4 class=\"\">Elizabeth Ekman<\/h4>\r\n                            <\/div>\r\n                          <\/div>\r\n                          <div data-colibri-id=\"7-c9\" class=\"h-text h-text-component style-400 style-local-7-c9 position-relative h-element\">\r\n                            <!---->\r\n                            <!---->\r\n                            <div class=\"\">\r\n                              <p>Phd., Leg. Psykoterapeut, Utbildningsansvarig och Handledare&nbsp;<\/p>\r\n                            <\/div>\r\n                          <\/div>\r\n                          <div data-colibri-id=\"7-c10\" class=\"style-403 style-local-7-c10 position-relative h-element\">\r\n                            <!---->\r\n                            <div class=\"d-flex flex-wrap h-social-icons justify-content-lg-center justify-content-md-center justify-content-center\">\r\n                              <div class=\"social-icon-container d-inline-flex\">\r\n                                <a href=\"mailto:elizabeth.ekman@gmail.com\" h-use-smooth-scroll=\"true\">\r\n                                  <div class=\"icon-container h-social-icon h-global-transition\">\r\n                                    <div class=\"h-icon-svg\" style=\"width: 100%; height: 100%;\">\r\n                                      <!--Icon by Socicon (http:\/\/www.socicon.com)-->\r\n                                      <svg version=\"1.1\" xmlns=\"http:\/\/www.w3.org\/2000\/svg\" viewBox=\"0 0 1500 1500\">\r\n\r\n                                        <path d=\"M799.805 922.852c-14.648 11.719-32.227 20.508-49.805 20.508s-35.156-8.789-49.805-20.508l-700.195-571.289v899.414h1500v-899.414zM750 750c14.648 0 29.297-5.859 41.016-14.648l594.727-486.328h-1271.484l594.727 486.328c11.719 8.789 26.367 14.648 41.016 14.648z\"><\/path>\r\n                                      <\/svg>\r\n                                    <\/div>\r\n                                  <\/div>\r\n                                <\/a>\r\n                              <\/div>\r\n                            <\/div>\r\n                          <\/div>\r\n                        <\/div>\r\n                      <\/div>\r\n                    <\/div>\r\n                  <\/div>\r\n                <\/div>\r\n              <\/div>\r\n            <\/div>\r\n          <\/div>\r\n        <\/div>\r\n      <\/div>\r\n    <\/div>\r\n  <\/div>\r\n<\/div>","protected":false},"excerpt":{"rendered":"<p>Elizabeth Ekman &nbsp;&nbsp;&nbsp;\u00b7&nbsp;&nbsp;Behandlat barn och vuxna inom psykiatrin och socialtj\u00e4nst och somatiska v\u00e5rden ch egen verksamhet&nbsp;sedan 1979&nbsp; &nbsp;&nbsp;&nbsp;\u00b7&nbsp;&nbsp;Utbildare och handledare med KBT-inriktning sedan 1992 &nbsp;&nbsp;&nbsp;\u00b7&nbsp;&nbsp;Handleder idrottsspykologiska r\u00e5dgivare inom idrotten och elitidrotten sedan 2009&nbsp;&nbsp; &nbsp;&nbsp;&nbsp;\u00b7&nbsp;Varit f\u00f6rel\u00e4sare och handledare p\u00e5 SISUs KBT utbildning f\u00f6r KBT Elitidrotten Elizabeth \u00e4r legitimerad psykoterapeut och handledare med \u00f6ver 35 \u00e5rs erfarenhet [&hellip;]<\/p>\n","protected":false},"author":1,"featured_media":0,"parent":0,"menu_order":0,"comment_status":"closed","ping_status":"closed","template":"page-templates\/full-width-page.php","meta":{"footnotes":""},"class_list":["post-7","page","type-page","status-publish","hentry"],"yoast_head":"<!-- This site is optimized with the Yoast SEO plugin v25.6 - https:\/\/yoast.com\/wordpress\/plugins\/seo\/ -->\n<title>Individual Online Psychotherapy - Dr Ekman - KBT Teamet - KBT Teamet<\/title>\n<meta name=\"description\" content=\"Online CBT therapy in English and Swedish for individuals. Get expert, confidential support to understand yourself, cognitive and emotional\" \/>\n<meta name=\"robots\" content=\"index, follow, max-snippet:-1, max-image-preview:large, max-video-preview:-1\" \/>\n<link rel=\"canonical\" href=\"https:\/\/kbtt.se\/?page_id=7\" \/>\n<meta property=\"og:locale\" content=\"en_US\" \/>\n<meta property=\"og:type\" content=\"article\" \/>\n<meta property=\"og:title\" content=\"Individual Online Psychotherapy - Dr Ekman - KBT Teamet - KBT Teamet\" \/>\n<meta property=\"og:description\" content=\"Online CBT therapy in English and Swedish for individuals. Get expert, confidential support to understand yourself, cognitive and emotional\" \/>\n<meta property=\"og:url\" content=\"https:\/\/kbtt.se\/?page_id=7\" \/>\n<meta property=\"og:site_name\" content=\"KBT Teamet\" \/>\n<meta property=\"article:modified_time\" content=\"2025-08-18T10:07:26+00:00\" \/>\n<meta property=\"og:image\" content=\"https:\/\/kbtt.se\/wp-content\/uploads\/2020\/04\/cropped-Elizabeth_ny.jpg\" \/>\n\t<meta property=\"og:image:width\" content=\"1080\" \/>\n\t<meta property=\"og:image:height\" content=\"1082\" \/>\n\t<meta property=\"og:image:type\" content=\"image\/jpeg\" \/>\n<meta name=\"twitter:card\" content=\"summary_large_image\" \/>\n<meta name=\"twitter:label1\" content=\"Est. reading time\" \/>\n\t<meta name=\"twitter:data1\" content=\"1 minute\" \/>\n<script type=\"application\/ld+json\" class=\"yoast-schema-graph\">{\"@context\":\"https:\/\/schema.org\",\"@graph\":[{\"@type\":\"WebPage\",\"@id\":\"https:\/\/kbtt.se\/?page_id=7\",\"url\":\"https:\/\/kbtt.se\/?page_id=7\",\"name\":\"Individual Online Psychotherapy - Dr Ekman - KBT Teamet - KBT Teamet\",\"isPartOf\":{\"@id\":\"https:\/\/kbtt.se\/#website\"},\"primaryImageOfPage\":{\"@id\":\"https:\/\/kbtt.se\/?page_id=7#primaryimage\"},\"image\":{\"@id\":\"https:\/\/kbtt.se\/?page_id=7#primaryimage\"},\"thumbnailUrl\":\"https:\/\/kbtt.se\/wp-content\/uploads\/2020\/04\/cropped-Elizabeth_ny.jpg\",\"datePublished\":\"2018-02-20T17:40:55+00:00\",\"dateModified\":\"2025-08-18T10:07:26+00:00\",\"description\":\"Online CBT therapy in English and Swedish for individuals. Get expert, confidential support to understand yourself, cognitive and emotional\",\"breadcrumb\":{\"@id\":\"https:\/\/kbtt.se\/?page_id=7#breadcrumb\"},\"inLanguage\":\"en-US\",\"potentialAction\":[{\"@type\":\"ReadAction\",\"target\":[\"https:\/\/kbtt.se\/?page_id=7\"]}]},{\"@type\":\"ImageObject\",\"inLanguage\":\"en-US\",\"@id\":\"https:\/\/kbtt.se\/?page_id=7#primaryimage\",\"url\":\"https:\/\/kbtt.se\/wp-content\/uploads\/2020\/04\/cropped-Elizabeth_ny.jpg\",\"contentUrl\":\"https:\/\/kbtt.se\/wp-content\/uploads\/2020\/04\/cropped-Elizabeth_ny.jpg\",\"width\":1080,\"height\":1082,\"caption\":\"Dr Ekman Psychotherapist\"},{\"@type\":\"BreadcrumbList\",\"@id\":\"https:\/\/kbtt.se\/?page_id=7#breadcrumb\",\"itemListElement\":[{\"@type\":\"ListItem\",\"position\":1,\"name\":\"Home\",\"item\":\"https:\/\/kbtt.se\/\"},{\"@type\":\"ListItem\",\"position\":2,\"name\":\"Individual Online Psychotherapy &#8211; Dr Ekman &#8211; KBT Teamet\"}]},{\"@type\":\"WebSite\",\"@id\":\"https:\/\/kbtt.se\/#website\",\"url\":\"https:\/\/kbtt.se\/\",\"name\":\"KBT Teamet - Elizabeth Ekman\",\"description\":\"Kompetensutvecklande distansutbildning i KBT\",\"potentialAction\":[{\"@type\":\"SearchAction\",\"target\":{\"@type\":\"EntryPoint\",\"urlTemplate\":\"https:\/\/kbtt.se\/?s={search_term_string}\"},\"query-input\":{\"@type\":\"PropertyValueSpecification\",\"valueRequired\":true,\"valueName\":\"search_term_string\"}}],\"inLanguage\":\"en-US\"}]}<\/script>\n<!-- \/ Yoast SEO plugin. -->","yoast_head_json":{"title":"Individual Online Psychotherapy - Dr Ekman - KBT Teamet - KBT Teamet","description":"Online CBT therapy in English and Swedish for individuals. Get expert, confidential support to understand yourself, cognitive and emotional","robots":{"index":"index","follow":"follow","max-snippet":"max-snippet:-1","max-image-preview":"max-image-preview:large","max-video-preview":"max-video-preview:-1"},"canonical":"https:\/\/kbtt.se\/?page_id=7","og_locale":"en_US","og_type":"article","og_title":"Individual Online Psychotherapy - Dr Ekman - KBT Teamet - KBT Teamet","og_description":"Online CBT therapy in English and Swedish for individuals. Get expert, confidential support to understand yourself, cognitive and emotional","og_url":"https:\/\/kbtt.se\/?page_id=7","og_site_name":"KBT Teamet","article_modified_time":"2025-08-18T10:07:26+00:00","og_image":[{"width":1080,"height":1082,"url":"https:\/\/kbtt.se\/wp-content\/uploads\/2020\/04\/cropped-Elizabeth_ny.jpg","type":"image\/jpeg"}],"twitter_card":"summary_large_image","twitter_misc":{"Est. reading time":"1 minute"},"schema":{"@context":"https:\/\/schema.org","@graph":[{"@type":"WebPage","@id":"https:\/\/kbtt.se\/?page_id=7","url":"https:\/\/kbtt.se\/?page_id=7","name":"Individual Online Psychotherapy - Dr Ekman - KBT Teamet - KBT Teamet","isPartOf":{"@id":"https:\/\/kbtt.se\/#website"},"primaryImageOfPage":{"@id":"https:\/\/kbtt.se\/?page_id=7#primaryimage"},"image":{"@id":"https:\/\/kbtt.se\/?page_id=7#primaryimage"},"thumbnailUrl":"https:\/\/kbtt.se\/wp-content\/uploads\/2020\/04\/cropped-Elizabeth_ny.jpg","datePublished":"2018-02-20T17:40:55+00:00","dateModified":"2025-08-18T10:07:26+00:00","description":"Online CBT therapy in English and Swedish for individuals. Get expert, confidential support to understand yourself, cognitive and emotional","breadcrumb":{"@id":"https:\/\/kbtt.se\/?page_id=7#breadcrumb"},"inLanguage":"en-US","potentialAction":[{"@type":"ReadAction","target":["https:\/\/kbtt.se\/?page_id=7"]}]},{"@type":"ImageObject","inLanguage":"en-US","@id":"https:\/\/kbtt.se\/?page_id=7#primaryimage","url":"https:\/\/kbtt.se\/wp-content\/uploads\/2020\/04\/cropped-Elizabeth_ny.jpg","contentUrl":"https:\/\/kbtt.se\/wp-content\/uploads\/2020\/04\/cropped-Elizabeth_ny.jpg","width":1080,"height":1082,"caption":"Dr Ekman Psychotherapist"},{"@type":"BreadcrumbList","@id":"https:\/\/kbtt.se\/?page_id=7#breadcrumb","itemListElement":[{"@type":"ListItem","position":1,"name":"Home","item":"https:\/\/kbtt.se\/"},{"@type":"ListItem","position":2,"name":"Individual Online Psychotherapy &#8211; Dr Ekman &#8211; KBT Teamet"}]},{"@type":"WebSite","@id":"https:\/\/kbtt.se\/#website","url":"https:\/\/kbtt.se\/","name":"KBT Teamet - Elizabeth Ekman","description":"Kompetensutvecklande distansutbildning i KBT","potentialAction":[{"@type":"SearchAction","target":{"@type":"EntryPoint","urlTemplate":"https:\/\/kbtt.se\/?s={search_term_string}"},"query-input":{"@type":"PropertyValueSpecification","valueRequired":true,"valueName":"search_term_string"}}],"inLanguage":"en-US"}]}},"_links":{"self":[{"href":"https:\/\/kbtt.se\/index.php?rest_route=\/wp\/v2\/pages\/7","targetHints":{"allow":["GET"]}}],"collection":[{"href":"https:\/\/kbtt.se\/index.php?rest_route=\/wp\/v2\/pages"}],"about":[{"href":"https:\/\/kbtt.se\/index.php?rest_route=\/wp\/v2\/types\/page"}],"author":[{"embeddable":true,"href":"https:\/\/kbtt.se\/index.php?rest_route=\/wp\/v2\/users\/1"}],"replies":[{"embeddable":true,"href":"https:\/\/kbtt.se\/index.php?rest_route=%2Fwp%2Fv2%2Fcomments&post=7"}],"version-history":[{"count":20,"href":"https:\/\/kbtt.se\/index.php?rest_route=\/wp\/v2\/pages\/7\/revisions"}],"predecessor-version":[{"id":4134,"href":"https:\/\/kbtt.se\/index.php?rest_route=\/wp\/v2\/pages\/7\/revisions\/4134"}],"wp:attachment":[{"href":"https:\/\/kbtt.se\/index.php?rest_route=%2Fwp%2Fv2%2Fmedia&parent=7"}],"curies":[{"name":"wp","href":"https:\/\/api.w.org\/{rel}","templated":true}]}}